{"id":9759,"date":"2020-03-06T11:38:47","date_gmt":"2020-03-06T08:38:47","guid":{"rendered":"https:\/\/celebigroup.com\/?page_id=9759"},"modified":"2020-03-06T11:42:23","modified_gmt":"2020-03-06T08:42:23","slug":"%e1%83%99%e1%83%9d%e1%83%9c%e1%83%a2%e1%83%90%e1%83%a5%e1%83%a2%e1%83%98","status":"publish","type":"page","link":"https:\/\/celebigroup.com\/ge\/%e1%83%99%e1%83%9d%e1%83%9c%e1%83%a2%e1%83%90%e1%83%a5%e1%83%a2%e1%83%98\/","title":{"rendered":"\u10d9\u10dd\u10dc\u10e2\u10d0\u10e5\u10e2\u10d8"},"content":{"rendered":"<section class=\"wpb-content-wrapper\"><p>[vc_row css=&#8221;.vc_custom_1577106805970{padding-top: 100px !important;padding-bottom: 0px !important;background-color: #f4f4f4 !important;}&#8221;][vc_column enable_content_animation=&#8221;yes&#8221; ca_init_scale_x=&#8221;1&#8243; ca_init_scale_y=&#8221;1&#8243; ca_init_scale_z=&#8221;1&#8243; ca_init_opacity=&#8221;0&#8243; ca_an_scale_x=&#8221;1&#8243; ca_an_scale_y=&#8221;1&#8243; ca_an_scale_z=&#8221;1&#8243; ca_an_opacity=&#8221;1&#8243; offset=&#8221;vc_col-md-3&#8243; ca_init_translate_x=&#8221;-60&#8243; ca_duration=&#8221;1200&#8243;]<style>.ld_fancy_heading_69f743681aef7 .lqd-highlight-inner{height:0.275em;bottom:0px;}<\/style><div class=\"ld-fancy-heading ld_fancy_heading_69f743681aef7\">\n\t<h2 class=\"lqd-highlight-underline lqd-highlight-grow-left\" ><span class=\"ld-fh-txt\"> \u10d3\u10d0\u10d2\u10d5\u10d8\u10d9\u10d0\u10d5\u10e8\u10d8\u10e0\u10d3\u10d8\u10d7<\/span><\/h2><\/div><style>.ld_fancy_heading_69f743681b33c p{font-size:16px;line-height:1.5em;}.ld_fancy_heading_69f743681b33c .lqd-highlight-inner{height:0.275em;bottom:0px;}<\/style><div class=\"ld-fancy-heading ld_fancy_heading_69f743681b33c\">\n\t<p class=\"lqd-highlight-underline lqd-highlight-grow-left\" ><span class=\"ld-fh-txt\"> <span lang=\"GEO\/KAT\">\u10d7\u10e5\u10d5\u10d4\u10dc\u10d8 \u10d8\u10dc\u10e4\u10dd\u10e0\u10db\u10d0\u10ea\u10d8\u10d0 \u10d2\u10d0\u10d3\u10d0\u10d4\u10ea\u10d4\u10db\u10d0 \u10e9\u10d5\u10d4\u10dc\u10e1 \u10d4\u10e0\u10d7-\u10d4\u10e0\u10d7 \u10e1\u10de\u10d4\u10ea\u10d8\u10d0\u10da\u10d8\u10e1\u10e2\u10e1 \u10d3\u10d0 \u10d3\u10d0\u10d2\u10d8\u10d9\u10d0\u10d5\u10e8\u10d8\u10e0\u10d3\u10d4\u10d1\u10d8\u10d0\u10dc \u10e0\u10d0\u10ea \u10e8\u10d4\u10d8\u10eb\u10da\u10d4\u10d1\u10d0 \u10db\u10dd\u10d9\u10da\u10d4 \u10d3\u10e0\u10dd\u10e8\u10d8.<\/span><\/span><\/p><\/div><style>.ld_spacer_69f743681b620{height:20px;}<\/style>\n<div class=\"ld-empty-space ld_spacer_69f743681b620\"><span class=\"liquid_empty_space_inner\"><\/span><\/div>[vc_separator color=&#8221;custom&#8221; align=&#8221;align_left&#8221; el_width=&#8221;20&#8243; accent_color=&#8221;#ff8e32&#8243;]<style>.ld_fancy_heading_69f743681b8d9 p{font-size:16px;line-height:1.5em;}.ld_fancy_heading_69f743681b8d9 .lqd-highlight-inner{height:0.275em;bottom:0px;}<\/style><div class=\"ld-fancy-heading ld_fancy_heading_69f743681b8d9\">\n\t<p class=\"lqd-highlight-underline lqd-highlight-grow-left\" ><span class=\"ld-fh-txt\"> <span lang=\"GEO\/KAT\">\u10d3\u10d0\u10d2\u10d5\u10d8\u10d9\u10d0\u10d5\u10e8\u10d8\u10e0\u10d3\u10d8\u10d7, \u10e0\u10d0\u10d7\u10d0 \u10d3\u10d0\u10e3\u10e7\u10dd\u10d5\u10dc\u10d4\u10d1\u10da\u10d8\u10d5 \u10e8\u10d4\u10d2\u10d5\u10ee\u10d5\u10d3\u10d4\u10d7<\/span><\/span><\/p><\/div><style>.ld_fancy_heading_69f743681bc14 h5{font-size:16px;font-weight:700;color:rgb(255, 142, 50);}.ld_fancy_heading_69f743681bc14 .lqd-highlight-inner{height:0.275em;bottom:0px;}<\/style><div class=\"ld-fancy-heading ld_fancy_heading_69f743681bc14\">\n\t<h5 class=\"lqd-highlight-underline lqd-highlight-grow-left\" ><span class=\"ld-fh-txt\"> <\/p>\n<h3>0462 711 40 00<\/h3>\n<p><\/span><\/h5><\/div>[\/vc_column][vc_column offset=&#8221;vc_col-md-offset-1 vc_col-md-8&#8243;]<style>.ld_fancy_heading_69f743681bed9 .lqd-highlight-inner{height:0.275em;bottom:0px;}<\/style><div class=\"ld-fancy-heading ld_fancy_heading_69f743681bed9\">\n\t<h2 class=\"lqd-highlight-underline lqd-highlight-grow-left\" ><span class=\"ld-fh-txt\"> <span lang=\"GEO\/KAT\">\u10e1\u10d0\u10d9\u10dd\u10dc\u10e2\u10d0\u10e5\u10e2\u10dd \u10d8\u10dc\u10e4\u10dd\u10e0\u10db\u10d0\u10ea\u10d8\u10d0<\/span><\/span><\/h2><\/div>[vc_row_inner][vc_column_inner width=&#8221;1\/2&#8243;][vc_separator color=&#8221;custom&#8221; align=&#8221;align_left&#8221; el_width=&#8221;20&#8243; accent_color=&#8221;#ff8e32&#8243;][vc_column_text css=&#8221;.vc_custom_1583483774081{margin-bottom: 40px !important;}&#8221;]<span style=\"font-size: 16px; color: #077d3a;\"><strong>\u10db\u10d8\u10e1\u10d0\u10db\u10d0\u10e0\u10d7\u10d8<\/strong><\/span><\/p>\n<p><span style=\"font-size: 15px; color: #666666;\">Ye\u015filyal\u0131 Mah. Arsin Organize Sanayi B\u00f6lgesi<\/span><br \/>\n<span style=\"font-size: 15px; color: #666666;\">7 Nolu Cadde<\/span><br \/>\n<span style=\"font-size: 15px; color: #666666;\"> Arsin \/ Trabzon<\/span>[\/vc_column_text][\/vc_column_inner][vc_column_inner width=&#8221;1\/2&#8243;][vc_separator color=&#8221;custom&#8221; align=&#8221;align_left&#8221; el_width=&#8221;20&#8243; accent_color=&#8221;#ff8e32&#8243;][vc_column_text css=&#8221;.vc_custom_1583483883640{margin-bottom: 40px !important;}&#8221;]<span style=\"font-size: 16px; color: #077d3a;\"><strong>\u10e2\u10d4\u10da\u10d4\u10e4\u10dd\u10dc\u10d8<\/strong><\/span><\/p>\n<p><span style=\"font-size: 15px; color: #666666;\">0 (462) 711 40 00<\/span><br \/>\n<span style=\"font-size: 15px; color: #666666;\">0 (462) 711 40 02<\/span><\/p>\n<p><span style=\"font-size: 16px; color: #077d3a;\"><strong>\u10e4\u10d0\u10e5\u10e1\u10d8<\/strong><\/span><\/p>\n<p><span style=\"font-size: 15px; color: #666666;\">0 (462) 711 40 03<\/span><\/p>\n<p><span style=\"font-size: 16px; color: #077d3a;\"><strong>\u10d4\u10da. \u10e4\u10dd\u10e1\u10e2\u10d0<\/strong><\/span><br \/>\n<span style=\"font-size: 15px; color: #666666;\">celebi@celebipvc.com.tr<\/span>[\/vc_column_text][\/vc_column_inner][\/vc_row_inner][\/vc_column][\/vc_row][vc_row full_width=&#8221;stretch_row&#8221; gap=&#8221;0&#8243; equal_height=&#8221;yes&#8221; content_placement=&#8221;middle&#8221;][vc_column][vc_gmaps link=&#8221;#E-8_JTNDaWZyYW1lJTIwc3JjJTNEJTIyaHR0cHMlM0ElMkYlMkZ3d3cuZ29vZ2xlLmNvbSUyRm1hcHMlMkZlbWJlZCUzRnBiJTNEJTIxMW0xNCUyMTFtOCUyMTFtMyUyMTFkMjQxMjEuNDk4MzgwMTQyODI4JTIxMmQ0MC4wNDUwOTYlMjEzZDQwLjkxMTYzOTAwMDAwMDAxJTIxM20yJTIxMWkxMDI0JTIxMmk3NjglMjE0ZjEzLjElMjEzbTMlMjExbTIlMjExczB4NDA2NDMyYmU2MTkxY2U4OSUyNTNBMHg2MzhjOWUwMDgyNzEzZDI1JTIxMnpRbUY1WW5WeWRDQkRaQzRzSUVGeVlXdHN4TEV2VkhKaFlucHZiaXdnVk1POGNtdHBlV1UlMjE1ZTAlMjEzbTIlMjExc3RyJTIxMnN1cyUyMTR2MTU3NjA0NjU1MDE3OSUyMTVtMiUyMTFzdHIlMjEyc3VzJTIyJTIwJTIwd2lkdGglM0QlMjI2MDAlMjIlMjBoZWlnaHQlM0QlMjI0NTAlMjIlMjBmcmFtZWJvcmRlciUzRCUyMjAlMjIlMjBzdHlsZSUzRCUyMmJvcmRlciUzQTAlM0IlMjIlMjBhbGxvd2Z1bGxzY3JlZW4lM0QlMjIlMjIlM0UlM0MlMkZpZnJhbWUlM0U=&#8221; size=&#8221;600px&#8221;][\/vc_column][\/vc_row]<\/p>\n<\/section>","protected":false},"excerpt":{"rendered":"<p>[vc_row css=&#8221;.vc_custom_1577106805970{padding-top: 100px !important;padding-bottom: 0px !important;background-color: #f4f4f4 !important;}&#8221;][vc_column enable_content_animation=&#8221;yes&#8221; ca_init_scale_x=&#8221;1&#8243; ca_init_scale_y=&#8221;1&#8243; ca_init_scale_z=&#8221;1&#8243; ca_init_opacity=&#8221;0&#8243; ca_an_scale_x=&#8221;1&#8243; ca_an_scale_y=&#8221;1&#8243;&#8230;<\/p>\n","protected":false},"author":1,"featured_media":0,"parent":0,"menu_order":0,"comment_status":"closed","ping_status":"closed","template":"","meta":{"footnotes":""},"class_list":["post-9759","page","type-page","status-publish","hentry"],"_links":{"self":[{"href":"https:\/\/celebigroup.com\/ge\/wp-json\/wp\/v2\/pages\/9759","targetHints":{"allow":["GET"]}}],"collection":[{"href":"https:\/\/celebigroup.com\/ge\/wp-json\/wp\/v2\/pages"}],"about":[{"href":"https:\/\/celebigroup.com\/ge\/wp-json\/wp\/v2\/types\/page"}],"author":[{"embeddable":true,"href":"https:\/\/celebigroup.com\/ge\/wp-json\/wp\/v2\/users\/1"}],"replies":[{"embeddable":true,"href":"https:\/\/celebigroup.com\/ge\/wp-json\/wp\/v2\/comments?post=9759"}],"version-history":[{"count":0,"href":"https:\/\/celebigroup.com\/ge\/wp-json\/wp\/v2\/pages\/9759\/revisions"}],"wp:attachment":[{"href":"https:\/\/celebigroup.com\/ge\/wp-json\/wp\/v2\/media?parent=9759"}],"curies":[{"name":"wp","href":"https:\/\/api.w.org\/{rel}","templated":true}]}}